{"id":381,"date":"2016-09-18T10:14:11","date_gmt":"2016-09-18T09:14:11","guid":{"rendered":"http:\/\/demo.dessky.com\/verysimplestart\/?page_id=8"},"modified":"2022-03-25T09:34:57","modified_gmt":"2022-03-25T08:34:57","slug":"home-2","status":"publish","type":"page","link":"https:\/\/b-probe.lu\/","title":{"rendered":"Home"},"content":{"rendered":"<div id=\"pl-381\"  class=\"panel-layout\" ><div id=\"pg-381-0\"  class=\"panel-grid panel-has-style\" ><div class=\"siteorigin-panels-stretch verysimplestart-stretch panel-row-style panel-row-style-for-381-0\" style=\"background-color: #f0f0f0;padding: 100px 0; \" data-stretch-type=\"full\" ><div id=\"pgc-381-0-0\"  class=\"panel-grid-cell\" ><div id=\"panel-381-0-0-0\" class=\"so-panel widget widget_text panel-first-child panel-last-child\" data-index=\"0\" ><h3 class=\"widget-title\">Expertise en B\u00e2timents<\/h3>\t\t\t<div class=\"textwidget\"><\/div>\n\t\t<\/div><\/div><\/div><\/div><div id=\"pg-381-1\"  class=\"panel-grid panel-has-style\" ><div style=\"padding: 100px 0; \" class=\"panel-row-style panel-row-style-for-381-1\" ><div id=\"pgc-381-1-0\"  class=\"panel-grid-cell\" ><div id=\"panel-381-1-0-0\" class=\"so-panel widget widget_verysimplestart_services_type_a verysimplestart_services_widget panel-first-child panel-last-child\" data-index=\"1\" >\t\t\t<h3 class=\"widget-title\">Nos services<\/h3>\r\n\t\t\t\t\t\t\t\t\t\t\t\t\t\t\t\t\t\t\t\t\t\t\t\t\t\t\t\t\t<div class=\"service col-md-6\">\r\n\t\t\t\t\t\t\t\t\t\t\t\t\t<div class=\"roll-icon-box\">\r\n\t\t\t\t\t\t\t\t\t\t\t\r\n\t\t\t\t\t\t\t\t\t<div class=\"icon\">\r\n\t\t\t\t\t\t\t\t\t\t<i class=\"fa fa-male\"><\/i>\t\t\t\t\t\t\t\t\t<\/div>\r\n\t\t\t\t\t\t\t\t\t\t\t\t\t\t\t\t<div class=\"content\">\r\n\t\t\t\t\t\t\t\t\t<h3>\r\n\t\t\t\t\t\t\t\t\t\t\t\t\t\t\t\t\t\t\t\t\tExpertises priv\u00e9es\t\t\t\t\t\t\t\t\t\t\t\t\t\t\t\t\t\t\t<\/h3>\r\n\t\t\t\t\t\t\t\t\t\t\t\t\t\t\t\t\t<\/div><!--.info-->\t\r\n\t\t\t\t\t\t\t<\/div>\r\n\t\t\t\t\t\t<\/div>\r\n\t\t\t\t\t\t\t\t\t\t\t\t\t\t\t\t\t\t\t\t\t\t\t\t\t\t\t\t\t<div class=\"service col-md-6\">\r\n\t\t\t\t\t\t\t\t\t\t\t\t\t<div class=\"roll-icon-box\">\r\n\t\t\t\t\t\t\t\t\t\t\t\r\n\t\t\t\t\t\t\t\t\t<div class=\"icon\">\r\n\t\t\t\t\t\t\t\t\t\t<i class=\"fa fa-building\"><\/i>\t\t\t\t\t\t\t\t\t<\/div>\r\n\t\t\t\t\t\t\t\t\t\t\t\t\t\t\t\t<div class=\"content\">\r\n\t\t\t\t\t\t\t\t\t<h3>\r\n\t\t\t\t\t\t\t\t\t\t\t\t\t\t\t\t\t\t\t\t\tExpertises pour compagnies d&rsquo;assurances\t\t\t\t\t\t\t\t\t\t\t\t\t\t\t\t\t\t\t<\/h3>\r\n\t\t\t\t\t\t\t\t\t\t\t\t\t\t\t\t\t<\/div><!--.info-->\t\r\n\t\t\t\t\t\t\t<\/div>\r\n\t\t\t\t\t\t<\/div>\r\n\t\t\t\t\t\t\t\t\t\t\t\t\t\t\t\t\t\t\t\t\t\t\t\t\t\t\t\t\t<div class=\"service col-md-6\">\r\n\t\t\t\t\t\t\t\t\t\t\t\t\t<div class=\"roll-icon-box\">\r\n\t\t\t\t\t\t\t\t\t\t\t\r\n\t\t\t\t\t\t\t\t\t<div class=\"icon\">\r\n\t\t\t\t\t\t\t\t\t\t<i class=\"fa fa-balance-scale\"><\/i>\t\t\t\t\t\t\t\t\t<\/div>\r\n\t\t\t\t\t\t\t\t\t\t\t\t\t\t\t\t<div class=\"content\">\r\n\t\t\t\t\t\t\t\t\t<h3>\r\n\t\t\t\t\t\t\t\t\t\t\t\t\t\t\t\t\t\t\t\t\tExpertises judiciaires\t\t\t\t\t\t\t\t\t\t\t\t\t\t\t\t\t\t\t<\/h3>\r\n\t\t\t\t\t\t\t\t\t\t\t\t\t\t\t\t\t<\/div><!--.info-->\t\r\n\t\t\t\t\t\t\t<\/div>\r\n\t\t\t\t\t\t<\/div>\r\n\t\t\t\t\t\t\t\t\t\t\t\t\t\t\t\t\t\t\t\t\t\t\t\t\t\t\t\t\t<div class=\"service col-md-6\">\r\n\t\t\t\t\t\t\t\t\t\t\t\t\t<div class=\"roll-icon-box\">\r\n\t\t\t\t\t\t\t\t\t\t\t\r\n\t\t\t\t\t\t\t\t\t<div class=\"icon\">\r\n\t\t\t\t\t\t\t\t\t\t<i class=\"fa fa-calendar-check-o\"><\/i>\t\t\t\t\t\t\t\t\t<\/div>\r\n\t\t\t\t\t\t\t\t\t\t\t\t\t\t\t\t<div class=\"content\">\r\n\t\t\t\t\t\t\t\t\t<h3>\r\n\t\t\t\t\t\t\t\t\t\t\t\t\t\t\t\t\t\t\t\t\tEtats des lieux\t\t\t\t\t\t\t\t\t\t\t\t\t\t\t\t\t\t\t<\/h3>\r\n\t\t\t\t\t\t\t\t\t\t\t\t\t\t\t\t\t<\/div><!--.info-->\t\r\n\t\t\t\t\t\t\t<\/div>\r\n\t\t\t\t\t\t<\/div>\r\n\t\t\t\t\t\t\t\t\t\t\t\t\t\t\t\t\t\t\t\t\t\t\t\t\t\t\t\t\t<div class=\"service col-md-6\">\r\n\t\t\t\t\t\t\t\t\t\t\t\t\t<div class=\"roll-icon-box\">\r\n\t\t\t\t\t\t\t\t\t\t\t\r\n\t\t\t\t\t\t\t\t\t<div class=\"icon\">\r\n\t\t\t\t\t\t\t\t\t\t<i class=\"fa fa-money\"><\/i>\t\t\t\t\t\t\t\t\t<\/div>\r\n\t\t\t\t\t\t\t\t\t\t\t\t\t\t\t\t<div class=\"content\">\r\n\t\t\t\t\t\t\t\t\t<h3>\r\n\t\t\t\t\t\t\t\t\t\t\t\t\t\t\t\t\t\t\t\t\tEvaluations immobili\u00e8res\t\t\t\t\t\t\t\t\t\t\t\t\t\t\t\t\t\t\t<\/h3>\r\n\t\t\t\t\t\t\t\t\t\t\t\t\t\t\t\t\t<\/div><!--.info-->\t\r\n\t\t\t\t\t\t\t<\/div>\r\n\t\t\t\t\t\t<\/div>\r\n\t\t\t\t\t\r\n\t\t\t\t\t\t\t\t\r\n\t<\/div><\/div><\/div><\/div><div id=\"pg-381-2\"  class=\"panel-grid panel-has-style\" ><div class=\"siteorigin-panels-stretch verysimplestart-stretch panel-row-style panel-row-style-for-381-2\" style=\"background-color: #f0f0f0;padding: 100px 0; \" data-stretch-type=\"full\" ><div id=\"pgc-381-2-0\"  class=\"panel-grid-cell\" ><div id=\"panel-381-2-0-0\" class=\"so-panel widget widget_list panel-first-child panel-last-child\" data-index=\"2\" ><h3 class=\"widget-title\">Notre savoir-faire<\/h3>\n\t\t<p>Nous pouvons effectuer diff\u00e9rents types de relev\u00e9<\/p>\n\t\t<ul class='roll-list'><li> D\u00e9tection de probl\u00e8mes d\u2019humidit\u00e9, telles les fuites ou la condensation (mesures hygrom\u00e9triques, imagerie thermique)<\/li><li> D\u00e9tection de malfa\u00e7ons li\u00e9es \u00e0 la conception ou \u00e0 l\u2019ex\u00e9cution de b\u00e2timents existants<\/li><li> D\u00e9tection d\u2019infiltrations d\u2019eau (expertises de toiture)<\/li><\/ul>\n\t\t\t\t\n\t\t<\/div><\/div><\/div><\/div><div id=\"pg-381-3\"  class=\"panel-grid panel-has-style\" ><div style=\"padding: 100px 0; \" class=\"panel-row-style panel-row-style-for-381-3\" ><div id=\"pgc-381-3-0\"  class=\"panel-grid-cell\" >\n\t\t<div id=\"panel-381-3-0-0\" class=\"so-panel widget widget_recent-posts widget_recent_entries panel-first-child panel-last-child\" data-index=\"3\" >\n\t\t<h3 class=\"widget-title\">Notre mat\u00e9riel<\/h3>\n\t\t<ul>\n\t\t\t\t\t\t\t\t\t\t\t<li>\n\t\t\t\t\t<a href=\"https:\/\/b-probe.lu\/index.php\/2019\/02\/04\/camera-inspection-wohler-vis-350\/\">Cam\u00e9ra inspection W\u00f6hler VIS 350<\/a>\n\t\t\t\t\t\t\t\t\t<\/li>\n\t\t\t\t\t\t\t\t\t\t\t<li>\n\t\t\t\t\t<a href=\"https:\/\/b-probe.lu\/index.php\/2018\/06\/15\/anemometre-testo-425\/\">An\u00e9mom\u00e8tre Testo 425<\/a>\n\t\t\t\t\t\t\t\t\t<\/li>\n\t\t\t\t\t\t\t\t\t\t\t<li>\n\t\t\t\t\t<a href=\"https:\/\/b-probe.lu\/index.php\/2018\/06\/15\/thermometre-infrarouge-bl-compact-tf-ir\/\">Thermom\u00e8tre infrarouge BL Compact TF-IR<\/a>\n\t\t\t\t\t\t\t\t\t<\/li>\n\t\t\t\t\t\t\t\t\t\t\t<li>\n\t\t\t\t\t<a href=\"https:\/\/b-probe.lu\/index.php\/2017\/11\/22\/flir-e8\/\">FLIR E8<\/a>\n\t\t\t\t\t\t\t\t\t<\/li>\n\t\t\t\t\t\t\t\t\t\t\t<li>\n\t\t\t\t\t<a href=\"https:\/\/b-probe.lu\/index.php\/2017\/03\/15\/testo-616\/\">Testo 616<\/a>\n\t\t\t\t\t\t\t\t\t<\/li>\n\t\t\t\t\t<\/ul>\n\n\t\t<\/div><\/div><\/div><\/div><div id=\"pg-381-4\"  class=\"panel-grid panel-has-style\" ><div class=\"siteorigin-panels-stretch verysimplestart-stretch panel-row-style panel-row-style-for-381-4\" style=\"background-color: #f0f0f0;padding: 100px 0; \" data-stretch-type=\"full\" ><div id=\"pgc-381-4-0\"  class=\"panel-grid-cell\" ><div id=\"panel-381-4-0-0\" class=\"so-panel widget widget_verysimplestart_team verysimplestart_team_widget panel-first-child panel-last-child\" data-index=\"4\" >\r\n\t\t<h3 class=\"widget-title\">Notre \u00e9quipe<\/h3>\r\n\t\t<div class=\"roll-team carousel owl-carousel\">\r\n\t\t\t\t\t\t\t\t\t\t<div class=\"team-item\">\r\n\t\t\t    <div class=\"team-inner\">\r\n\t\t\t        <div class=\"pop-overlay\">\r\n\t\t\t            <div class=\"team-pop\">\r\n\t\t\t                <div class=\"team-info\">\r\n\t\t\t\t\t\t\t\t<div class=\"name\">Guy Paulus<\/div>\r\n\t\t\t\t\t\t\t\t<div class=\"pos\">Technicien expert - G\u00e9rant<\/div>\r\n\t\t\t\t\t\t\t\t<ul class=\"team-social\">\r\n\t\t\t\t\t\t\t\t\t\t\t\t\t\t\t\t\t\t\t\t\t\t\t\t\t\t\t\t\t\t\t\t\t\t\t<\/ul>\r\n\t\t\t                <\/div>\r\n\t\t\t            <\/div>\r\n\t\t\t        <\/div>\r\n\t\t\t\t\t\t\t\t    <\/div>\r\n\t\t\t    <div class=\"team-content\">\r\n\t\t\t        <div class=\"name\">\r\n\t\t\t        \t\t\t\t        \t\tGuy Paulus\t\t\t        \t\t\t\t        <\/div>\r\n\t\t\t        <div class=\"pos\">Technicien expert - G\u00e9rant<\/div>\r\n\t\t\t    <\/div>\r\n\t\t\t<\/div><!-- \/.team-item -->\r\n\r\n\t\t\t\t\t\t\t\t\t\t<div class=\"team-item\">\r\n\t\t\t    <div class=\"team-inner\">\r\n\t\t\t        <div class=\"pop-overlay\">\r\n\t\t\t            <div class=\"team-pop\">\r\n\t\t\t                <div class=\"team-info\">\r\n\t\t\t\t\t\t\t\t<div class=\"name\">Rapha\u00ebl Vercruysse<\/div>\r\n\t\t\t\t\t\t\t\t<div class=\"pos\">Architecte expert asserment\u00e9<\/div>\r\n\t\t\t\t\t\t\t\t<ul class=\"team-social\">\r\n\t\t\t\t\t\t\t\t\t\t\t\t\t\t\t\t\t\t\t\t\t\t\t\t\t\t\t\t\t\t\t\t\t\t\t<\/ul>\r\n\t\t\t                <\/div>\r\n\t\t\t            <\/div>\r\n\t\t\t        <\/div>\r\n\t\t\t\t\t\t\t\t    <\/div>\r\n\t\t\t    <div class=\"team-content\">\r\n\t\t\t        <div class=\"name\">\r\n\t\t\t        \t\t\t\t        \t\tRapha\u00ebl Vercruysse\t\t\t        \t\t\t\t        <\/div>\r\n\t\t\t        <div class=\"pos\">Architecte expert asserment\u00e9<\/div>\r\n\t\t\t    <\/div>\r\n\t\t\t<\/div><!-- \/.team-item -->\r\n\r\n\t\t\t\t\t\t\t\t\t\t<div class=\"team-item\">\r\n\t\t\t    <div class=\"team-inner\">\r\n\t\t\t        <div class=\"pop-overlay\">\r\n\t\t\t            <div class=\"team-pop\">\r\n\t\t\t                <div class=\"team-info\">\r\n\t\t\t\t\t\t\t\t<div class=\"name\">G\u00e9rard Decker<\/div>\r\n\t\t\t\t\t\t\t\t<div class=\"pos\">Architecte expert<\/div>\r\n\t\t\t\t\t\t\t\t<ul class=\"team-social\">\r\n\t\t\t\t\t\t\t\t\t\t\t\t\t\t\t\t\t\t\t\t\t\t\t\t\t\t\t\t\t\t\t\t\t\t\t<\/ul>\r\n\t\t\t                <\/div>\r\n\t\t\t            <\/div>\r\n\t\t\t        <\/div>\r\n\t\t\t\t\t\t\t\t    <\/div>\r\n\t\t\t    <div class=\"team-content\">\r\n\t\t\t        <div class=\"name\">\r\n\t\t\t        \t\t\t\t        \t\tG\u00e9rard Decker\t\t\t        \t\t\t\t        <\/div>\r\n\t\t\t        <div class=\"pos\">Architecte expert<\/div>\r\n\t\t\t    <\/div>\r\n\t\t\t<\/div><!-- \/.team-item -->\r\n\r\n\t\t\t\t\t\t\t\t\t\t<div class=\"team-item\">\r\n\t\t\t    <div class=\"team-inner\">\r\n\t\t\t        <div class=\"pop-overlay\">\r\n\t\t\t            <div class=\"team-pop\">\r\n\t\t\t                <div class=\"team-info\">\r\n\t\t\t\t\t\t\t\t<div class=\"name\">Daniel Halbout<\/div>\r\n\t\t\t\t\t\t\t\t<div class=\"pos\">Expert technicien<\/div>\r\n\t\t\t\t\t\t\t\t<ul class=\"team-social\">\r\n\t\t\t\t\t\t\t\t\t\t\t\t\t\t\t\t\t\t\t\t\t\t\t\t\t\t\t\t\t\t\t\t\t\t\t<\/ul>\r\n\t\t\t                <\/div>\r\n\t\t\t            <\/div>\r\n\t\t\t        <\/div>\r\n\t\t\t\t\t\t\t\t    <\/div>\r\n\t\t\t    <div class=\"team-content\">\r\n\t\t\t        <div class=\"name\">\r\n\t\t\t        \t\t\t\t        \t\tDaniel Halbout\t\t\t        \t\t\t\t        <\/div>\r\n\t\t\t        <div class=\"pos\">Expert technicien<\/div>\r\n\t\t\t    <\/div>\r\n\t\t\t<\/div><!-- \/.team-item -->\r\n\r\n\t\t\t\t\t\t\t\t\t\t<div class=\"team-item\">\r\n\t\t\t    <div class=\"team-inner\">\r\n\t\t\t        <div class=\"pop-overlay\">\r\n\t\t\t            <div class=\"team-pop\">\r\n\t\t\t                <div class=\"team-info\">\r\n\t\t\t\t\t\t\t\t<div class=\"name\">Diana Oliveira<\/div>\r\n\t\t\t\t\t\t\t\t<div class=\"pos\">Secr\u00e9taire<\/div>\r\n\t\t\t\t\t\t\t\t<ul class=\"team-social\">\r\n\t\t\t\t\t\t\t\t\t\t\t\t\t\t\t\t\t\t\t\t\t\t\t\t\t\t\t\t\t\t\t\t\t\t\t<\/ul>\r\n\t\t\t                <\/div>\r\n\t\t\t            <\/div>\r\n\t\t\t        <\/div>\r\n\t\t\t\t\t\t\t\t    <\/div>\r\n\t\t\t    <div class=\"team-content\">\r\n\t\t\t        <div class=\"name\">\r\n\t\t\t        \t\t\t\t        \t\tDiana Oliveira\t\t\t        \t\t\t\t        <\/div>\r\n\t\t\t        <div class=\"pos\">Secr\u00e9taire<\/div>\r\n\t\t\t    <\/div>\r\n\t\t\t<\/div><!-- \/.team-item -->\r\n\r\n\t\t\t\t\t\t\t\t\t\t<div class=\"team-item\">\r\n\t\t\t    <div class=\"team-inner\">\r\n\t\t\t        <div class=\"pop-overlay\">\r\n\t\t\t            <div class=\"team-pop\">\r\n\t\t\t                <div class=\"team-info\">\r\n\t\t\t\t\t\t\t\t<div class=\"name\">Alexandra Lef\u00e8vre<\/div>\r\n\t\t\t\t\t\t\t\t<div class=\"pos\">Architecte expert asserment\u00e9e<\/div>\r\n\t\t\t\t\t\t\t\t<ul class=\"team-social\">\r\n\t\t\t\t\t\t\t\t\t\t\t\t\t\t\t\t\t\t\t\t\t\t\t\t\t\t\t\t\t\t\t\t\t\t\t<\/ul>\r\n\t\t\t                <\/div>\r\n\t\t\t            <\/div>\r\n\t\t\t        <\/div>\r\n\t\t\t\t\t\t\t\t\t\t<div class=\"avatar\">\r\n\t\t\t\t\t\t\t\t\t\t\t<\/div>\r\n\t\t\t\t\t\t\t\t    <\/div>\r\n\t\t\t    <div class=\"team-content\">\r\n\t\t\t        <div class=\"name\">\r\n\t\t\t        \t\t\t\t        \t\tAlexandra Lef\u00e8vre\t\t\t        \t\t\t\t        <\/div>\r\n\t\t\t        <div class=\"pos\">Architecte expert asserment\u00e9e<\/div>\r\n\t\t\t    <\/div>\r\n\t\t\t<\/div><!-- \/.team-item -->\r\n\r\n\t\t\t\t\t<\/div>\r\n\r\n\t\t\t\r\n\t\r\n\t<\/div><\/div><\/div><\/div><\/div>","protected":false},"excerpt":{"rendered":"<p>Expertise en B\u00e2timents<\/p>\n","protected":false},"author":1,"featured_media":0,"parent":0,"menu_order":0,"comment_status":"open","ping_status":"closed","template":"page-templates\/page_front-page.php","meta":[],"_links":{"self":[{"href":"https:\/\/b-probe.lu\/index.php\/wp-json\/wp\/v2\/pages\/381"}],"collection":[{"href":"https:\/\/b-probe.lu\/index.php\/wp-json\/wp\/v2\/pages"}],"about":[{"href":"https:\/\/b-probe.lu\/index.php\/wp-json\/wp\/v2\/types\/page"}],"author":[{"embeddable":true,"href":"https:\/\/b-probe.lu\/index.php\/wp-json\/wp\/v2\/users\/1"}],"replies":[{"embeddable":true,"href":"https:\/\/b-probe.lu\/index.php\/wp-json\/wp\/v2\/comments?post=381"}],"version-history":[{"count":55,"href":"https:\/\/b-probe.lu\/index.php\/wp-json\/wp\/v2\/pages\/381\/revisions"}],"predecessor-version":[{"id":727,"href":"https:\/\/b-probe.lu\/index.php\/wp-json\/wp\/v2\/pages\/381\/revisions\/727"}],"wp:attachment":[{"href":"https:\/\/b-probe.lu\/index.php\/wp-json\/wp\/v2\/media?parent=381"}],"curies":[{"name":"wp","href":"https:\/\/api.w.org\/{rel}","templated":true}]}}